{"id":474,"date":"2015-10-30T13:40:02","date_gmt":"2015-10-30T13:40:02","guid":{"rendered":"http:\/\/blaenpennal.org.uk\/cy\/?page_id=474"},"modified":"2015-11-25T11:16:34","modified_gmt":"2015-11-25T11:16:34","slug":"adeiladau","status":"publish","type":"page","link":"https:\/\/blaenpennal.org.uk\/cy\/adeiladau\/","title":{"rendered":"Adeiladau"},"content":{"rendered":"<div id=\"attachment_623\" style=\"width: 635px\" class=\"wp-caption aligncenter\"><a href=\"http:\/\/blaenpennal.org.uk\/wp-content\/uploads\/2015\/10\/FF.milhse110912.jpg\"><img loading=\"lazy\" decoding=\"async\" aria-describedby=\"caption-attachment-623\" class=\"size-large wp-image-623\" src=\"http:\/\/blaenpennal.org.uk\/wp-content\/uploads\/2015\/10\/FF.milhse110912-1024x768.jpg\" alt=\"Y Felin Fach, Blaenpennal\" width=\"625\" height=\"469\" srcset=\"https:\/\/blaenpennal.org.uk\/wp-content\/uploads\/2015\/10\/FF.milhse110912-1024x768.jpg 1024w, https:\/\/blaenpennal.org.uk\/wp-content\/uploads\/2015\/10\/FF.milhse110912-300x225.jpg 300w, https:\/\/blaenpennal.org.uk\/wp-content\/uploads\/2015\/10\/FF.milhse110912-624x468.jpg 624w, https:\/\/blaenpennal.org.uk\/wp-content\/uploads\/2015\/10\/FF.milhse110912.jpg 2048w\" sizes=\"auto, (max-width: 625px) 100vw, 625px\" \/><\/a><p id=\"caption-attachment-623\" class=\"wp-caption-text\">Y Felin Fach, Blaenpennal<\/p><\/div>\n<p>Yn adeiladau&#8217;r Mynydd Bach gwelwn gofnod o sgiliau &#8216;r adeilladwyr yn ogystal \u00e2 hanes trigolion yr ardal a&#8217;u ffordd o fyw, ac maent yn dangos bod y rhan fwyaf o&#8217;r trigolion yn gorfod byw&#8217;n gynnil ar incwm gweddol fach.<\/p>\n<p>Roedd yn rhaid i&#8217;r pentrefi fod yn hunangynhaliol, fel y tystia&#8217; r amrywiol fasnachwyr oedd yn gweithio yno, yn eu plith ffermwyr, gofaint, seiri, melinwyr, cynhyrchwyr brethyn a ffelt, teilwriaid, awthrawon, gweinidogion, gwneuthurwyr nwyddau lledr, adeiladwyr, chwarelwyr a phorthmyn.<\/p>\n<p>Dywedir weithiau mai&#8217;r capel (neu&#8217;r eglwys) a&#8217;r felin oedd adeiladau pwysicaf y pentref. Rhoddai&#8217;r capel gynhaliaeth i&#8217;r enaid drwy weddi a ch\u00e2n, a&#8217;r felin gynhaliaeth i&#8217;r corff drwy roi iddo flawd a dillad.<\/p>\n<p>Mewn ysgrif fer fel hon, ni allaf ond s\u00f4n am rai o adeiladau&#8217;r Mynydd Bach.<\/p>\n<p>Y tai unnos oedd yr adeiladau mwyaf adnabyddus yn yr ardal &#8211; tai a g\u00e2i eu hadeiladu mewn un noson, fel yr esboniwyd yn y bennod flaenorol. Mae&#8217;n bosibl bod rhai tai diweddarach wedi&#8217;u codi ar safle&#8217;r tai unnos hyn. Byddai angen cyflenwad dr gl\u00e2n ar y trigolion cynnar, ac felly byddai adeiladau&#8217;n cael eu codi ger ffynhonnau dwr; yn\u00a0\u00f4l pob s\u00f4n, roedd gan rai ffynhonnau sanctaidd rym iach\u00e1u.<\/p>\n<p>&nbsp;<\/p>\n","protected":false},"excerpt":{"rendered":"<p>Yn adeiladau&#8217;r Mynydd Bach gwelwn gofnod o sgiliau &#8216;r adeilladwyr yn ogystal \u00e2 hanes trigolion yr ardal a&#8217;u ffordd o fyw, ac maent yn dangos bod y rhan fwyaf o&#8217;r trigolion yn gorfod byw&#8217;n gynnil ar incwm gweddol fach. Roedd yn rhaid i&#8217;r pentrefi fod yn hunangynhaliol, fel y tystia&#8217; r amrywiol fasnachwyr oedd yn [&hellip;]<\/p>\n","protected":false},"author":1,"featured_media":0,"parent":0,"menu_order":70,"comment_status":"closed","ping_status":"closed","template":"page-templates\/full-width.php","meta":{"footnotes":""},"class_list":["post-474","page","type-page","status-publish","hentry"],"aioseo_notices":[],"_links":{"self":[{"href":"https:\/\/blaenpennal.org.uk\/cy\/wp-json\/wp\/v2\/pages\/474","targetHints":{"allow":["GET"]}}],"collection":[{"href":"https:\/\/blaenpennal.org.uk\/cy\/wp-json\/wp\/v2\/pages"}],"about":[{"href":"https:\/\/blaenpennal.org.uk\/cy\/wp-json\/wp\/v2\/types\/page"}],"author":[{"embeddable":true,"href":"https:\/\/blaenpennal.org.uk\/cy\/wp-json\/wp\/v2\/users\/1"}],"replies":[{"embeddable":true,"href":"https:\/\/blaenpennal.org.uk\/cy\/wp-json\/wp\/v2\/comments?post=474"}],"version-history":[{"count":7,"href":"https:\/\/blaenpennal.org.uk\/cy\/wp-json\/wp\/v2\/pages\/474\/revisions"}],"predecessor-version":[{"id":852,"href":"https:\/\/blaenpennal.org.uk\/cy\/wp-json\/wp\/v2\/pages\/474\/revisions\/852"}],"wp:attachment":[{"href":"https:\/\/blaenpennal.org.uk\/cy\/wp-json\/wp\/v2\/media?parent=474"}],"curies":[{"name":"wp","href":"https:\/\/api.w.org\/{rel}","templated":true}]}}