{"id":482,"date":"2015-10-30T13:42:46","date_gmt":"2015-10-30T13:42:46","guid":{"rendered":"http:\/\/blaenpennal.org.uk\/cy\/?page_id=482"},"modified":"2015-11-25T11:10:48","modified_gmt":"2015-11-25T11:10:48","slug":"tai","status":"publish","type":"page","link":"https:\/\/blaenpennal.org.uk\/cy\/adeiladau\/tai\/","title":{"rendered":"Tai"},"content":{"rendered":"<div id=\"attachment_646\" style=\"width: 635px\" class=\"wp-caption aligncenter\"><a href=\"http:\/\/blaenpennal.org.uk\/wp-content\/uploads\/2015\/10\/IMG_5230-1.jpg\"><img loading=\"lazy\" decoding=\"async\" aria-describedby=\"caption-attachment-646\" class=\"size-large wp-image-646\" src=\"http:\/\/blaenpennal.org.uk\/wp-content\/uploads\/2015\/10\/IMG_5230-1-1024x768.jpg\" alt=\"Navy Hall, Bronnant\" width=\"625\" height=\"469\" srcset=\"https:\/\/blaenpennal.org.uk\/wp-content\/uploads\/2015\/10\/IMG_5230-1-1024x768.jpg 1024w, https:\/\/blaenpennal.org.uk\/wp-content\/uploads\/2015\/10\/IMG_5230-1-300x225.jpg 300w, https:\/\/blaenpennal.org.uk\/wp-content\/uploads\/2015\/10\/IMG_5230-1-624x468.jpg 624w, https:\/\/blaenpennal.org.uk\/wp-content\/uploads\/2015\/10\/IMG_5230-1.jpg 2048w\" sizes=\"auto, (max-width: 625px) 100vw, 625px\" \/><\/a><p id=\"caption-attachment-646\" class=\"wp-caption-text\">Navy Hall, Bronnant<\/p><\/div>\n<p>Navy Hall, Bronnant (SN 63856815)<\/p>\n<p>Yn \u00f4l y cofnodion, codwyd y ty hwn yn 1747; \u00a0mae&#8217;n wahanol i&#8217;r tai eraill yn yr ardal am ei fod yn fwy sylweddol o ran deunyddiau a maint. Mae&#8217;r grisiau derw mawr gwreiddiol yn dal yno, ynghyd \u00e2 phaneli pren yn un o&#8217;r ystafelloedd ar y llawr gwaelod, a lle t\u00e2n a phentan mawr yn y llall. Ty cerrig yw hwn, wedi&#8217;i godi \u00e2 cherrig cales drud o rywle y tu hwnt i&#8217;r ardal, ac mae iddo do llechi.<\/p>\n<div id=\"attachment_631\" style=\"width: 635px\" class=\"wp-caption aligncenter\"><a href=\"http:\/\/blaenpennal.org.uk\/wp-content\/uploads\/2015\/10\/IMG_5186.jpg\"><img loading=\"lazy\" decoding=\"async\" aria-describedby=\"caption-attachment-631\" class=\"size-large wp-image-631\" src=\"http:\/\/blaenpennal.org.uk\/wp-content\/uploads\/2015\/10\/IMG_5186-1024x768.jpg\" alt=\"Pantffynnon, Trefenter\" width=\"625\" height=\"469\" srcset=\"https:\/\/blaenpennal.org.uk\/wp-content\/uploads\/2015\/10\/IMG_5186-1024x768.jpg 1024w, https:\/\/blaenpennal.org.uk\/wp-content\/uploads\/2015\/10\/IMG_5186-300x225.jpg 300w, https:\/\/blaenpennal.org.uk\/wp-content\/uploads\/2015\/10\/IMG_5186-624x468.jpg 624w, https:\/\/blaenpennal.org.uk\/wp-content\/uploads\/2015\/10\/IMG_5186.jpg 2048w\" sizes=\"auto, (max-width: 625px) 100vw, 625px\" \/><\/a><p id=\"caption-attachment-631\" class=\"wp-caption-text\">Pantffynnon, Trefenter<\/p><\/div>\n<p>Pantffynnon, Trefenter (SN 61056864)<\/p>\n<p><span lang=\"EN-US\">Bwthyn bach nodweddiadol yw hwn, a sgubor wrth ei ochr (ty hir). Nid yw\u2019r cynllun gwreiddiol wedi newid\u00a0<\/span><span lang=\"EN-US\">\u2014 <\/span><span lang=\"EN-US\">mae rhan o bared pren ar draws yr ystafell waeiod yn arwain, I fyny grisiau cornel pren, dros yr hyn sy\u2019n weddill o le t\u00e2n \u00e2 lwfer i\u2019r unig ystafell ar y llawr cyntaf. Mae cyflenwad da o ddwr ffynnon gerllaw, sy&#8217;n awgrymu y gallai hwn fod yn safle hen drigfan.<\/span><\/p>\n","protected":false},"excerpt":{"rendered":"<p>Navy Hall, Bronnant (SN 63856815) Yn \u00f4l y cofnodion, codwyd y ty hwn yn 1747; \u00a0mae&#8217;n wahanol i&#8217;r tai eraill yn yr ardal am ei fod yn fwy sylweddol o ran deunyddiau a maint. Mae&#8217;r grisiau derw mawr gwreiddiol yn dal yno, ynghyd \u00e2 phaneli pren yn un o&#8217;r ystafelloedd ar y llawr gwaelod, a [&hellip;]<\/p>\n","protected":false},"author":1,"featured_media":0,"parent":474,"menu_order":20,"comment_status":"closed","ping_status":"closed","template":"page-templates\/full-width.php","meta":{"footnotes":""},"class_list":["post-482","page","type-page","status-publish","hentry"],"aioseo_notices":[],"_links":{"self":[{"href":"https:\/\/blaenpennal.org.uk\/cy\/wp-json\/wp\/v2\/pages\/482","targetHints":{"allow":["GET"]}}],"collection":[{"href":"https:\/\/blaenpennal.org.uk\/cy\/wp-json\/wp\/v2\/pages"}],"about":[{"href":"https:\/\/blaenpennal.org.uk\/cy\/wp-json\/wp\/v2\/types\/page"}],"author":[{"embeddable":true,"href":"https:\/\/blaenpennal.org.uk\/cy\/wp-json\/wp\/v2\/users\/1"}],"replies":[{"embeddable":true,"href":"https:\/\/blaenpennal.org.uk\/cy\/wp-json\/wp\/v2\/comments?post=482"}],"version-history":[{"count":5,"href":"https:\/\/blaenpennal.org.uk\/cy\/wp-json\/wp\/v2\/pages\/482\/revisions"}],"predecessor-version":[{"id":848,"href":"https:\/\/blaenpennal.org.uk\/cy\/wp-json\/wp\/v2\/pages\/482\/revisions\/848"}],"up":[{"embeddable":true,"href":"https:\/\/blaenpennal.org.uk\/cy\/wp-json\/wp\/v2\/pages\/474"}],"wp:attachment":[{"href":"https:\/\/blaenpennal.org.uk\/cy\/wp-json\/wp\/v2\/media?parent=482"}],"curies":[{"name":"wp","href":"https:\/\/api.w.org\/{rel}","templated":true}]}}